{"id":2136,"date":"2023-10-20T11:03:45","date_gmt":"2023-10-20T04:03:45","guid":{"rendered":"https:\/\/dichvunhasach.com\/trang-chu\/"},"modified":"2026-03-13T12:02:21","modified_gmt":"2026-03-13T05:02:21","slug":"trang-chu","status":"publish","type":"page","link":"https:\/\/dichvunhasach.com\/en\/","title":{"rendered":"HOMEPAGE"},"content":{"rendered":"","protected":false},"excerpt":{"rendered":"","protected":false},"author":1,"featured_media":0,"parent":0,"menu_order":0,"comment_status":"closed","ping_status":"closed","template":"page-template\/home-template.php","meta":{"om_disable_all_campaigns":false,"inline_featured_image":false,"_monsterinsights_skip_tracking":false,"_monsterinsights_sitenote_active":false,"_monsterinsights_sitenote_note":"","_monsterinsights_sitenote_category":0,"_uf_show_specific_survey":0,"_uf_disable_surveys":false,"footnotes":""},"class_list":["post-2136","page","type-page","status-publish","hentry"],"acf":[],"aioseo_notices":[],"yoast_head":"<!-- This site is optimized with the Yoast SEO plugin v21.4 - https:\/\/yoast.com\/wordpress\/plugins\/seo\/ -->\n<title>HOMEPAGE - D\u1ecaCH V\u1ee4 NH\u00c0 S\u1ea0CH<\/title>\n<meta name=\"robots\" content=\"index, follow, max-snippet:-1, max-image-preview:large, max-video-preview:-1\" \/>\n<link rel=\"canonical\" href=\"https:\/\/dichvunhasach.com\/en\/\" \/>\n<meta property=\"og:locale\" content=\"en_US\" \/>\n<meta property=\"og:type\" content=\"article\" \/>\n<meta property=\"og:title\" content=\"Ti\u00ean Phong Mang Robot V\u00e0o V\u1ec7 Sinh C\u00f4ng Nghi\u1ec7p\" \/>\n<meta property=\"og:description\" content=\"D\u1ecbch v\u1ee5 v\u1ec7 sinh c\u00f4ng nghi\u1ec7p Nh\u00e0 S\u1ea1ch v\u1edbi s\u1ee9 m\u1ec7nh mang \u0111\u1ebfn kh\u00f4ng gian s\u1ea1ch s\u1ebd, an to\u00e0n v\u1ec7 sinh cho qu\u00fd kh\u00e1ch h\u00e0ng.\" \/>\n<meta property=\"og:url\" content=\"https:\/\/dichvunhasach.com\/en\/\" \/>\n<meta property=\"og:site_name\" content=\"D\u1ecaCH V\u1ee4 NH\u00c0 S\u1ea0CH\" \/>\n<meta property=\"article:modified_time\" content=\"2026-03-13T05:02:21+00:00\" \/>\n<meta property=\"og:image\" content=\"https:\/\/dichvunhasach.com\/wp-content\/uploads\/2023\/12\/social_dichvunhadep-1024x576.png\" \/>\n\t<meta property=\"og:image:width\" content=\"1024\" \/>\n\t<meta property=\"og:image:height\" content=\"576\" \/>\n\t<meta property=\"og:image:type\" content=\"image\/png\" \/>\n<meta name=\"twitter:card\" content=\"summary_large_image\" \/>\n<meta name=\"twitter:title\" content=\"Ti\u00ean Phong Mang Robot V\u00e0o V\u1ec7 Sinh C\u00f4ng Nghi\u1ec7p\" \/>\n<meta name=\"twitter:description\" content=\"D\u1ecbch v\u1ee5 v\u1ec7 sinh c\u00f4ng nghi\u1ec7p Nh\u00e0 S\u1ea1ch v\u1edbi s\u1ee9 m\u1ec7nh mang \u0111\u1ebfn kh\u00f4ng gian s\u1ea1ch s\u1ebd, an to\u00e0n v\u1ec7 sinh cho qu\u00fd kh\u00e1ch h\u00e0ng.\" \/>\n<meta name=\"twitter:image\" content=\"https:\/\/dichvunhasach.com\/wp-content\/uploads\/2023\/12\/social_dichvunhadep.png\" \/>\n<script type=\"application\/ld+json\" class=\"yoast-schema-graph\">{\"@context\":\"https:\/\/schema.org\",\"@graph\":[{\"@type\":\"WebPage\",\"@id\":\"https:\/\/dichvunhasach.com\/en\/\",\"url\":\"https:\/\/dichvunhasach.com\/en\/\",\"name\":\"HOMEPAGE - D\u1ecaCH V\u1ee4 NH\u00c0 S\u1ea0CH\",\"isPartOf\":{\"@id\":\"https:\/\/dichvunhasach.com\/#website\"},\"datePublished\":\"2023-10-20T04:03:45+00:00\",\"dateModified\":\"2026-03-13T05:02:21+00:00\",\"breadcrumb\":{\"@id\":\"https:\/\/dichvunhasach.com\/en\/#breadcrumb\"},\"inLanguage\":\"en-US\",\"potentialAction\":[{\"@type\":\"ReadAction\",\"target\":[\"https:\/\/dichvunhasach.com\/en\/\"]}]},{\"@type\":\"BreadcrumbList\",\"@id\":\"https:\/\/dichvunhasach.com\/en\/#breadcrumb\",\"itemListElement\":[{\"@type\":\"ListItem\",\"position\":1,\"name\":\"Trang ch\u1ee7\",\"item\":\"https:\/\/dichvunhasach.com\/en\/\"},{\"@type\":\"ListItem\",\"position\":2,\"name\":\"HOMEPAGE\"}]},{\"@type\":\"WebSite\",\"@id\":\"https:\/\/dichvunhasach.com\/#website\",\"url\":\"https:\/\/dichvunhasach.com\/\",\"name\":\"D\u1ecaCH V\u1ee4 NH\u00c0 S\u1ea0CH\",\"description\":\"Cung c\u1ea5p gi\u1ea3i ph\u00e1p v\u1ec7 sinh\",\"publisher\":{\"@id\":\"https:\/\/dichvunhasach.com\/#organization\"},\"potentialAction\":[{\"@type\":\"SearchAction\",\"target\":{\"@type\":\"EntryPoint\",\"urlTemplate\":\"https:\/\/dichvunhasach.com\/?s={search_term_string}\"},\"query-input\":\"required name=search_term_string\"}],\"inLanguage\":\"en-US\"},{\"@type\":\"Organization\",\"@id\":\"https:\/\/dichvunhasach.com\/#organization\",\"name\":\"D\u1ecaCH V\u1ee4 NH\u00c0 S\u1ea0CH\",\"url\":\"https:\/\/dichvunhasach.com\/\",\"logo\":{\"@type\":\"ImageObject\",\"inLanguage\":\"en-US\",\"@id\":\"https:\/\/dichvunhasach.com\/#\/schema\/logo\/image\/\",\"url\":\"https:\/\/dichvunhasach.com\/wp-content\/uploads\/2025\/04\/cropped-Artboard-1Mau-1.png\",\"contentUrl\":\"https:\/\/dichvunhasach.com\/wp-content\/uploads\/2025\/04\/cropped-Artboard-1Mau-1.png\",\"width\":2332,\"height\":635,\"caption\":\"D\u1ecaCH V\u1ee4 NH\u00c0 S\u1ea0CH\"},\"image\":{\"@id\":\"https:\/\/dichvunhasach.com\/#\/schema\/logo\/image\/\"}}]}<\/script>\n<!-- \/ Yoast SEO plugin. -->","yoast_head_json":{"title":"HOMEPAGE - D\u1ecaCH V\u1ee4 NH\u00c0 S\u1ea0CH","robots":{"index":"index","follow":"follow","max-snippet":"max-snippet:-1","max-image-preview":"max-image-preview:large","max-video-preview":"max-video-preview:-1"},"canonical":"https:\/\/dichvunhasach.com\/en\/","og_locale":"en_US","og_type":"article","og_title":"Ti\u00ean Phong Mang Robot V\u00e0o V\u1ec7 Sinh C\u00f4ng Nghi\u1ec7p","og_description":"D\u1ecbch v\u1ee5 v\u1ec7 sinh c\u00f4ng nghi\u1ec7p Nh\u00e0 S\u1ea1ch v\u1edbi s\u1ee9 m\u1ec7nh mang \u0111\u1ebfn kh\u00f4ng gian s\u1ea1ch s\u1ebd, an to\u00e0n v\u1ec7 sinh cho qu\u00fd kh\u00e1ch h\u00e0ng.","og_url":"https:\/\/dichvunhasach.com\/en\/","og_site_name":"D\u1ecaCH V\u1ee4 NH\u00c0 S\u1ea0CH","article_modified_time":"2026-03-13T05:02:21+00:00","og_image":[{"width":1024,"height":576,"url":"https:\/\/dichvunhasach.com\/wp-content\/uploads\/2023\/12\/social_dichvunhadep-1024x576.png","type":"image\/png"}],"twitter_card":"summary_large_image","twitter_title":"Ti\u00ean Phong Mang Robot V\u00e0o V\u1ec7 Sinh C\u00f4ng Nghi\u1ec7p","twitter_description":"D\u1ecbch v\u1ee5 v\u1ec7 sinh c\u00f4ng nghi\u1ec7p Nh\u00e0 S\u1ea1ch v\u1edbi s\u1ee9 m\u1ec7nh mang \u0111\u1ebfn kh\u00f4ng gian s\u1ea1ch s\u1ebd, an to\u00e0n v\u1ec7 sinh cho qu\u00fd kh\u00e1ch h\u00e0ng.","twitter_image":"https:\/\/dichvunhasach.com\/wp-content\/uploads\/2023\/12\/social_dichvunhadep.png","schema":{"@context":"https:\/\/schema.org","@graph":[{"@type":"WebPage","@id":"https:\/\/dichvunhasach.com\/en\/","url":"https:\/\/dichvunhasach.com\/en\/","name":"HOMEPAGE - D\u1ecaCH V\u1ee4 NH\u00c0 S\u1ea0CH","isPartOf":{"@id":"https:\/\/dichvunhasach.com\/#website"},"datePublished":"2023-10-20T04:03:45+00:00","dateModified":"2026-03-13T05:02:21+00:00","breadcrumb":{"@id":"https:\/\/dichvunhasach.com\/en\/#breadcrumb"},"inLanguage":"en-US","potentialAction":[{"@type":"ReadAction","target":["https:\/\/dichvunhasach.com\/en\/"]}]},{"@type":"BreadcrumbList","@id":"https:\/\/dichvunhasach.com\/en\/#breadcrumb","itemListElement":[{"@type":"ListItem","position":1,"name":"Trang ch\u1ee7","item":"https:\/\/dichvunhasach.com\/en\/"},{"@type":"ListItem","position":2,"name":"HOMEPAGE"}]},{"@type":"WebSite","@id":"https:\/\/dichvunhasach.com\/#website","url":"https:\/\/dichvunhasach.com\/","name":"D\u1ecaCH V\u1ee4 NH\u00c0 S\u1ea0CH","description":"Cung c\u1ea5p gi\u1ea3i ph\u00e1p v\u1ec7 sinh","publisher":{"@id":"https:\/\/dichvunhasach.com\/#organization"},"potentialAction":[{"@type":"SearchAction","target":{"@type":"EntryPoint","urlTemplate":"https:\/\/dichvunhasach.com\/?s={search_term_string}"},"query-input":"required name=search_term_string"}],"inLanguage":"en-US"},{"@type":"Organization","@id":"https:\/\/dichvunhasach.com\/#organization","name":"D\u1ecaCH V\u1ee4 NH\u00c0 S\u1ea0CH","url":"https:\/\/dichvunhasach.com\/","logo":{"@type":"ImageObject","inLanguage":"en-US","@id":"https:\/\/dichvunhasach.com\/#\/schema\/logo\/image\/","url":"https:\/\/dichvunhasach.com\/wp-content\/uploads\/2025\/04\/cropped-Artboard-1Mau-1.png","contentUrl":"https:\/\/dichvunhasach.com\/wp-content\/uploads\/2025\/04\/cropped-Artboard-1Mau-1.png","width":2332,"height":635,"caption":"D\u1ecaCH V\u1ee4 NH\u00c0 S\u1ea0CH"},"image":{"@id":"https:\/\/dichvunhasach.com\/#\/schema\/logo\/image\/"}}]}},"_links":{"self":[{"href":"https:\/\/dichvunhasach.com\/en\/wp-json\/wp\/v2\/pages\/2136","targetHints":{"allow":["GET"]}}],"collection":[{"href":"https:\/\/dichvunhasach.com\/en\/wp-json\/wp\/v2\/pages"}],"about":[{"href":"https:\/\/dichvunhasach.com\/en\/wp-json\/wp\/v2\/types\/page"}],"author":[{"embeddable":true,"href":"https:\/\/dichvunhasach.com\/en\/wp-json\/wp\/v2\/users\/1"}],"replies":[{"embeddable":true,"href":"https:\/\/dichvunhasach.com\/en\/wp-json\/wp\/v2\/comments?post=2136"}],"version-history":[{"count":26,"href":"https:\/\/dichvunhasach.com\/en\/wp-json\/wp\/v2\/pages\/2136\/revisions"}],"predecessor-version":[{"id":6393,"href":"https:\/\/dichvunhasach.com\/en\/wp-json\/wp\/v2\/pages\/2136\/revisions\/6393"}],"wp:attachment":[{"href":"https:\/\/dichvunhasach.com\/en\/wp-json\/wp\/v2\/media?parent=2136"}],"curies":[{"name":"wp","href":"https:\/\/api.w.org\/{rel}","templated":true}]}}